{"id":3464,"date":"2026-03-28T10:06:51","date_gmt":"2026-03-28T09:06:51","guid":{"rendered":"https:\/\/free-time-activities.com\/?post_type=product&#038;p=3464"},"modified":"2026-03-30T07:54:07","modified_gmt":"2026-03-30T05:54:07","slug":"xx-ottobre-2026-corso-ormeggi-e-manovre-base","status":"publish","type":"product","link":"https:\/\/free-time-activities.com\/en\/prodotto\/xx-ottobre-2026-corso-ormeggi-e-manovre-base\/","title":{"rendered":"xx ottobre 2026 &#8211; Corso ormeggi e manovre base"},"content":{"rendered":"<section data-id=\"28c9aa5\" data-element_type=\"section\" data-settings=\"{&quot;animation&quot;:&quot;fadeIn&quot;}\">\n<div data-id=\"706f527\" data-element_type=\"column\"><strong style=\"font-size: 1.3em;\" data-start=\"139\" data-end=\"221\">Il primo passo per diventare davvero autonomi a bordo: corso ormeggi e manovre base<\/strong><\/div>\n<\/section>\n<p data-start=\"139\" data-end=\"476\">Questo <em><strong>corso di ormeggi e manovre base<\/strong><\/em> \u00e8 pensato per chi ha gi\u00e0 iniziato a navigare, anche con un minimo di esperienza, ma si trova ancora in difficolt\u00e0 nei momenti pi\u00f9 delicati come l\u2019ormeggio, il disormeggio o l\u2019avvicinamento al distributore. \u00c8 ideale per chi desidera fare pratica prima di noleggiare una barca per una vacanza a vela.<\/p>\n<p data-start=\"478\" data-end=\"891\">\u00c8 inoltre particolarmente indicato per chi naviga con il partner o con amici e vuole acquisire le basi per gestire in autonomia le manovre principali. L\u2019obiettivo \u00e8 sentirsi pi\u00f9 sicuri in situazioni concrete come la presa di una boa, l\u2019ancoraggio o anche nella gestione di un\u2019imprevista situazione d\u2019emergenza, ad esempio se lo skipper non \u00e8 in grado di condurre la barca e si rende necessario rientrare in porto.<\/p>\n<p data-start=\"579\" data-end=\"662\">Se anche tu senti il bisogno di migliorare su questi aspetti, sei nel posto giusto.<\/p>\n<h4 data-start=\"664\" data-end=\"714\"><strong data-start=\"664\" data-end=\"714\">Perch\u00e9 partecipare al corso ormeggi e manovre?<\/strong><\/h4>\n<p data-start=\"716\" data-end=\"1080\">Chi ha osservato la vita nei porti lo sa bene: ormeggi caotici, urla tra comandante ed equipaggio, cime mollate al momento sbagliato, manovre complicate da recuperare. Ma il problema non \u00e8 l\u2019inesperienza dell\u2019equipaggio o la barca difficile da gestire. Il vero nodo sta nella mancanza di metodo, comunicazione e consapevolezza di ci\u00f2 che accade durante le manovre.<\/p>\n<p data-start=\"1082\" data-end=\"1223\">Questo <strong><em data-start=\"1089\" data-end=\"1114\">corso ormeggi e manovre base<\/em><\/strong> ti insegna esattamente come diventare un punto di riferimento a bordo, anche nelle situazioni pi\u00f9 complesse.<\/p>\n<h4 data-start=\"1225\" data-end=\"1269\"><strong data-start=\"1225\" data-end=\"1269\">Cosa prevede il corso ormeggi e manovre?<\/strong><\/h4>\n<p data-start=\"1271\" data-end=\"1549\"><strong>Tanta pratica intensiva<\/strong>, dedicati completamente alla gestione delle manovre al gavitello, all&#8217;ancora e un&#8217;introduzione al pontile. L\u2019obiettivo \u00e8 farti acquisire competenze solide e replicabili, per ormeggiare e disormeggiare con sicurezza, anche in spazi ristretti e con vento.<\/p>\n<h4 data-start=\"2059\" data-end=\"2101\"><strong data-start=\"87\" data-end=\"128\">Obiettivo del corso ormeggi e manovre<\/strong><\/h4>\n<p data-start=\"2059\" data-end=\"2101\">Acquisire sicurezza e padronanza, sia tecnica che mentale, nelle manovre in porto. Imparare ad affrontare ogni situazione con calma e controllo, per diventare un vero comandante: competente, sereno e affidabile.<\/p>\n<h4 data-start=\"133\" data-end=\"189\"><strong data-start=\"133\" data-end=\"189\">Un&#8217;opportunit\u00e0 unica per la patente di vela d&#8217;altura<\/strong><\/h4>\n<p data-start=\"191\" data-end=\"516\">Il nostro <strong><em data-start=\"201\" data-end=\"226\">corso ormeggi e manovre base<\/em><\/strong> offre anche un\u2019importante opportunit\u00e0 per chi sta conseguendo o ha gi\u00e0 ottenuto la <strong data-start=\"2171\" data-end=\"2203\">patente Svizzera di vela d\u2019altura SCCOY<\/strong> o intende prepararsi a qualifiche come lo <strong data-start=\"2260\" data-end=\"2279\">RYA Yachtmaster<\/strong>. Il corso permette di perfezionare le proprie capacit\u00e0 pratiche in manovre portuali, affrontando situazioni reali e migliorando la propria sicurezza e competenza a bordo.<\/p>\n<p data-start=\"518\" data-end=\"891\">Questa esperienza \u00e8 particolarmente utile per chi desidera acquisire maggiore fiducia nelle manovre in porto e nelle situazioni di ormeggio, per prepararsi al meglio ad affrontare qualsiasi tipo di ambiente nautico. L&#8217;abilit\u00e0 acquisita durante il corso potr\u00e0 essere vantaggiosa anche per coloro che puntano a ottenere altre qualifiche professionali come la RYA Yachtmaster.<\/p>\n","protected":false},"excerpt":{"rendered":"<p data-start=\"335\" data-end=\"790\">Questo <em><strong>corso di ormeggi e manovre base<\/strong><\/em> \u00e8 pensato per chi ha gi\u00e0 iniziato a navigare, ma anche per principianti e per chi non ha ancora la patente nautica. \u00c8 ideale per chi vuole acquisire le basi per essere davvero utile a bordo e sentirsi pi\u00f9 sicuri nei momenti delicati come l\u2019ormeggio, il disormeggio o l\u2019avvicinamento al distributore. \u00c8 inoltre un\u2019ottima preparazione per chi desidera fare pratica prima di noleggiare una barca per una vacanza a vela.<\/p>\n<p data-start=\"792\" data-end=\"1073\">Il corso prevede 3 giorni completi di <strong>esercitazioni pratiche, al gavitello, all\u2019ancora e ai pontili<\/strong>. \u00c8 pensato anche per chi naviga con il partner o con amici e vuole imparare a gestire in autonomia le manovre principali, sviluppando sicurezza e padronanza sia tecnica che mentale.<\/p>\n<p data-start=\"1075\" data-end=\"1423\">Durante il corso si affrontano situazioni reali come la presa di una boa, l\u2019ancoraggio, le manovre in spazi ristretti e la gestione degli imprevisti, ad esempio uomo a mare o rientro in porto in caso di difficolt\u00e0 dello skipper. L\u2019obiettivo \u00e8 diventare una presenza affidabile a bordo e, per chi lo desidera, un comandante pi\u00f9 consapevole e sicuro.<\/p>\n","protected":false},"featured_media":3553,"template":"","meta":{"_acf_changed":false,"site-sidebar-layout":"default","site-content-layout":"","ast-site-content-layout":"default","site-content-style":"default","site-sidebar-style":"default","ast-global-header-display":"","ast-banner-title-visibility":"","ast-main-header-display":"","ast-hfb-above-header-display":"","ast-hfb-below-header-display":"","ast-hfb-mobile-header-display":"","site-post-title":"","ast-breadcrumbs-content":"","ast-featured-img":"","footer-sml-layout":"","ast-disable-related-posts":"","theme-transparent-header-meta":"default","adv-header-id-meta":"","stick-header-meta":"default","header-above-stick-meta":"","header-main-stick-meta":"","header-below-stick-meta":"","astra-migrate-meta-layouts":"set","ast-page-background-enabled":"default","ast-page-background-meta":{"desktop":{"background-color":"var(--ast-global-color-4)","background-image":"","background-repeat":"repeat","background-position":"center center","background-size":"auto","background-attachment":"scroll","background-type":"","background-media":"","overlay-type":"","overlay-color":"","overlay-opacity":"","overlay-gradient":""},"tablet":{"background-color":"","background-image":"","background-repeat":"repeat","background-position":"center center","background-size":"auto","background-attachment":"scroll","background-type":"","background-media":"","overlay-type":"","overlay-color":"","overlay-opacity":"","overlay-gradient":""},"mobile":{"background-color":"","background-image":"","background-repeat":"repeat","background-position":"center center","background-size":"auto","background-attachment":"scroll","background-type":"","background-media":"","overlay-type":"","overlay-color":"","overlay-opacity":"","overlay-gradient":""}},"ast-content-background-meta":{"desktop":{"background-color":"var(--ast-global-color-5)","background-image":"","background-repeat":"repeat","background-position":"center center","background-size":"auto","background-attachment":"scroll","background-type":"","background-media":"","overlay-type":"","overlay-color":"","overlay-opacity":"","overlay-gradient":""},"tablet":{"background-color":"var(--ast-global-color-5)","background-image":"","background-repeat":"repeat","background-position":"center center","background-size":"auto","background-attachment":"scroll","background-type":"","background-media":"","overlay-type":"","overlay-color":"","overlay-opacity":"","overlay-gradient":""},"mobile":{"background-color":"var(--ast-global-color-5)","background-image":"","background-repeat":"repeat","background-position":"center center","background-size":"auto","background-attachment":"scroll","background-type":"","background-media":"","overlay-type":"","overlay-color":"","overlay-opacity":"","overlay-gradient":""}}},"product_brand":[],"product_cat":[54],"product_tag":[],"class_list":{"0":"post-3464","1":"product","2":"type-product","3":"status-publish","4":"has-post-thumbnail","6":"product_cat-corsi-manovre","7":"desktop-align-left","8":"tablet-align-left","9":"mobile-align-left","10":"ast-product-gallery-layout-horizontal-slider","11":"ast-product-gallery-with-no-image","12":"ast-magnify-disabled","13":"ast-product-tabs-layout-horizontal","15":"first","16":"outofstock","17":"virtual","18":"purchasable","19":"product-type-simple"},"acf":[],"_links":{"self":[{"href":"https:\/\/free-time-activities.com\/en\/wp-json\/wp\/v2\/product\/3464","targetHints":{"allow":["GET"]}}],"collection":[{"href":"https:\/\/free-time-activities.com\/en\/wp-json\/wp\/v2\/product"}],"about":[{"href":"https:\/\/free-time-activities.com\/en\/wp-json\/wp\/v2\/types\/product"}],"wp:featuredmedia":[{"embeddable":true,"href":"https:\/\/free-time-activities.com\/en\/wp-json\/wp\/v2\/media\/3553"}],"wp:attachment":[{"href":"https:\/\/free-time-activities.com\/en\/wp-json\/wp\/v2\/media?parent=3464"}],"wp:term":[{"taxonomy":"product_brand","embeddable":true,"href":"https:\/\/free-time-activities.com\/en\/wp-json\/wp\/v2\/product_brand?post=3464"},{"taxonomy":"product_cat","embeddable":true,"href":"https:\/\/free-time-activities.com\/en\/wp-json\/wp\/v2\/product_cat?post=3464"},{"taxonomy":"product_tag","embeddable":true,"href":"https:\/\/free-time-activities.com\/en\/wp-json\/wp\/v2\/product_tag?post=3464"}],"curies":[{"name":"wp","href":"https:\/\/api.w.org\/{rel}","templated":true}]}}