{"id":3197,"date":"2025-11-01T15:33:41","date_gmt":"2025-11-01T14:33:41","guid":{"rendered":"https:\/\/free-time-activities.com\/?post_type=product&#038;p=3197"},"modified":"2026-03-27T16:59:13","modified_gmt":"2026-03-27T15:59:13","slug":"18-marzo-2026-corso-ormeggi-e-manovre","status":"publish","type":"product","link":"https:\/\/free-time-activities.com\/en\/prodotto\/18-marzo-2026-corso-ormeggi-e-manovre\/","title":{"rendered":"18 marzo 2026 &#8211; Corso Ormeggi e Manovre"},"content":{"rendered":"<section data-id=\"28c9aa5\" data-element_type=\"section\" data-settings=\"{&quot;animation&quot;:&quot;fadeIn&quot;}\">\n<div data-id=\"706f527\" data-element_type=\"column\"><\/div>\n<\/section>\n<h4 data-start=\"139\" data-end=\"221\"><strong data-start=\"139\" data-end=\"221\">Il primo passo per diventare davvero autonomi a bordo: Corso Ormeggi e Manovre<\/strong><\/h4>\n<p data-start=\"223\" data-end=\"577\">Questo <strong><em data-start=\"230\" data-end=\"255\">corso ormeggi e manovre<\/em><\/strong> \u00e8 pensato per chi ha gi\u00e0 iniziato a navigare, anche con qualche esperienza alle spalle, ma si trova ancora in difficolt\u00e0 nei momenti critici come l&#8217;ormeggio, il disormeggio o l&#8217;avvicinamento al distributore. \u00c8 perfetto per chi desidera fare un po&#8217; di pratica prima di noleggiare una barca per una vacanza in barca a vela.<\/p>\n<p data-start=\"579\" data-end=\"662\">Se anche tu senti il bisogno di migliorare su questi aspetti, sei nel posto giusto.<\/p>\n<h4 data-start=\"664\" data-end=\"714\"><strong data-start=\"664\" data-end=\"714\">Perch\u00e9 partecipare al Corso Ormeggi e Manovre?<\/strong><\/h4>\n<p data-start=\"716\" data-end=\"1080\">Chi ha osservato la vita nei porti lo sa bene: ormeggi caotici, urla tra comandante ed equipaggio, cime mollate al momento sbagliato, manovre complicate da recuperare. Ma il problema non \u00e8 l\u2019inesperienza dell\u2019equipaggio o la barca difficile da gestire. Il vero nodo sta nella mancanza di metodo, comunicazione e consapevolezza di ci\u00f2 che accade durante le manovre.<\/p>\n<p data-start=\"1082\" data-end=\"1223\">Questo <em data-start=\"1089\" data-end=\"1114\">corso ormeggi e manovre<\/em> ti insegna esattamente come diventare un punto di riferimento a bordo, anche nelle situazioni pi\u00f9 complesse.<\/p>\n<h4 data-start=\"1225\" data-end=\"1269\"><strong data-start=\"1225\" data-end=\"1269\">Cosa prevede il Corso Ormeggi e Manovre?<\/strong><\/h4>\n<p data-start=\"1271\" data-end=\"1549\">Tanta pratica intensiva, dedicati completamente alla gestione delle manovre in porto al gavitello e all&#8217;ancora. L\u2019obiettivo \u00e8 farti acquisire competenze solide e replicabili, per ormeggiare e disormeggiare con sicurezza, anche in spazi ristretti e con vento.<\/p>\n<h4 data-start=\"1551\" data-end=\"1593\"><strong data-start=\"1551\" data-end=\"1593\">Contenuti del corso ormeggi e manovre<\/strong><\/h4>\n<p data-start=\"1595\" data-end=\"1620\"><em data-start=\"1595\" data-end=\"1620\">In acqua e in banchina:<\/em><\/p>\n<ul>\n<li data-start=\"1623\" data-end=\"1691\">La sicurezza<\/li>\n<li data-start=\"1623\" data-end=\"1691\">La comunicazione<\/li>\n<li data-start=\"1623\" data-end=\"1691\">L&#8217;effetto evolutivo dell&#8217;elica<\/li>\n<li data-start=\"1694\" data-end=\"1743\">Comportamento della barca a motore in retromarcia<\/li>\n<li data-start=\"1746\" data-end=\"1778\">Uso combinato di motore e timone<\/li>\n<li data-start=\"1781\" data-end=\"1827\">Effetti del vento e dinamiche in spazi ridotti<\/li>\n<li data-start=\"1894\" data-end=\"1912\">Come lanciare la cima d&#8217;ormeggio<\/li>\n<li data-start=\"1894\" data-end=\"1912\">Presa di gavitello a prua e a poppa, anche con forte vento<\/li>\n<li data-start=\"1894\" data-end=\"1912\">Manovre uomo in mare e cappa<\/li>\n<li>Ancoraggi<\/li>\n<li>La comunicazione a bordo<\/li>\n<li data-start=\"1830\" data-end=\"1869\">Ormeggi di prua e poppa<\/li>\n<li data-start=\"1830\" data-end=\"1869\">Ormeggi all\u2019inglese<\/li>\n<li data-start=\"1830\" data-end=\"1869\">Manovre in autonomia e con equipaggio inesperto<\/li>\n<\/ul>\n<h4 data-start=\"2059\" data-end=\"2101\"><strong data-start=\"87\" data-end=\"128\">Obiettivo del Corso Ormeggi e Manovre<\/strong><\/h4>\n<p data-start=\"2059\" data-end=\"2101\">Acquisire sicurezza e padronanza, sia tecnica che mentale, nelle manovre in porto. Imparare ad affrontare ogni situazione con calma e controllo, per diventare un vero comandante: competente, sereno e affidabile.<\/p>\n<h4 data-start=\"133\" data-end=\"189\"><strong data-start=\"133\" data-end=\"189\">Un&#8217;opportunit\u00e0 unica per la patente di vela d&#8217;altura<\/strong><\/h4>\n<p data-start=\"191\" data-end=\"516\">Il nostro <em data-start=\"201\" data-end=\"226\">corso ormeggi e manovre<\/em> offre anche un\u2019importante opportunit\u00e0 per chi sta conseguendo o ha gi\u00e0 ottenuto la <strong data-start=\"2171\" data-end=\"2203\">patente Svizzera di vela d\u2019altura SCCOY<\/strong> o intende prepararsi a qualifiche come lo <strong data-start=\"2260\" data-end=\"2279\">RYA Yachtmaster<\/strong>. Il corso permette di perfezionare le proprie capacit\u00e0 pratiche in manovre portuali, affrontando situazioni reali e migliorando la propria sicurezza e competenza a bordo.<\/p>\n<p data-start=\"518\" data-end=\"891\">Questa esperienza \u00e8 particolarmente utile per chi desidera acquisire maggiore fiducia nelle manovre in porto e nelle situazioni di ormeggio, per prepararsi al meglio ad affrontare qualsiasi tipo di ambiente nautico. L&#8217;abilit\u00e0 acquisita durante il corso potr\u00e0 essere vantaggiosa anche per coloro che puntano a ottenere altre qualifiche professionali come la RYA Yachtmaster.<\/p>\n<h4>Risorse online<\/h4>\n<p><a href=\"http:\/\/www.blunavytraghetti.com\" target=\"_blank\" rel=\"noopener\">Traghetto Blunavy<\/a><br \/>\n<a href=\"http:\/\/www.toremar.it\" target=\"_blank\" rel=\"noopener\">Traghetto Toremar<\/a><br \/>\n<a href=\"http:\/\/www.moby.it\" target=\"_blank\" rel=\"noopener\">Traghetto Mobyline<\/a><br \/>\n<a href=\"https:\/\/visitelba.info\/\" target=\"_blank\" rel=\"noopener\">Visit Elba<\/a><\/p>\n<h4>Richiesta informazioni<\/h4>\n<p>In caso di domande, contattaci tramite il <a href=\"https:\/\/free-time-activities.com\/it\/contatto\/\">formulario<\/a>.<\/p>\n<h4><strong><span style=\"color: #ff0000;\">Nota importante<\/span><\/strong><\/h4>\n<p><strong><span style=\"color: #ff0000;\">Il pagamento deve pervenire entro 4 giorni per confermare l\u2019iscrizione.<br data-start=\"4494\" data-end=\"4497\" \/>Il corso viene confermato con un minimo di 4 partecipanti.<\/span><\/strong><\/p>\n","protected":false},"excerpt":{"rendered":"<section data-id=\"28c9aa5\" data-element_type=\"section\" data-settings=\"{&quot;animation&quot;:&quot;fadeIn&quot;}\">\n<div data-id=\"706f527\" data-element_type=\"column\">\n<div data-id=\"fceb914\" data-element_type=\"widget\" data-widget_type=\"text-editor.default\">\n<h4 data-start=\"146\" data-end=\"170\"><strong data-start=\"146\" data-end=\"170\">La proposta in breve<\/strong><\/h4>\n<p data-start=\"172\" data-end=\"506\">Il <strong><em data-start=\"175\" data-end=\"200\">corso ormeggi e manovre<\/em><\/strong> prevede <strong>3 giorni completi<\/strong> di esercitazioni pratiche di ormeggi e manovre, sia in porto che al gavitello e all&#8217;ancora. L&#8217;obiettivo \u00e8 acquisire padronanza tecnica e mentale nelle manovre, affrontando le situazioni portuali in sicurezza e senza stress, per diventare un comandante capace, calmo e affidabile.<\/p>\n<p data-start=\"508\" data-end=\"578\">Durante il corso, la comunicazione a bordo avverr\u00e0 in <strong>italiano<\/strong>.<\/p>\n<h4 data-start=\"580\" data-end=\"603\"><strong data-start=\"580\" data-end=\"603\">Dettagli del corso<\/strong><\/h4>\n<p data-start=\"606\" data-end=\"663\"><strong data-start=\"606\" data-end=\"625\"><br \/>\nData d&#8217;imbarco:<\/strong> mercoled\u00ec 18 marzo 2026 dalle 17:00<br \/>\n<strong data-start=\"666\" data-end=\"685\">Data di sbarco:<\/strong> domenica 22 marzo 2026 alle 8:00<\/p>\n<p data-start=\"606\" data-end=\"663\"><strong data-start=\"723\" data-end=\"750\">Luogo d&#8217;imbarco\/sbarco:<\/strong> Portoferraio, Isola d&#8217;Elba<\/p>\n<p data-start=\"606\" data-end=\"663\"><strong data-start=\"779\" data-end=\"815\">Viaggio da e per l&#8217;Isola d&#8217;Elba:<\/strong> Il viaggio \u00e8 a carico del partecipante, e il mezzo di trasporto \u00e8 di libera scelta, purch\u00e9 tutti siano presenti all&#8217;orario d&#8217;imbarco. Una volta confermato il corso, i partecipanti saranno messi in contatto tra loro per organizzare il viaggio insieme.<\/p>\n<p data-start=\"606\" data-end=\"663\"><strong data-start=\"1068\" data-end=\"1080\">Livello:<\/strong> Principiante-medio (si consiglia di aver gi\u00e0 preso la patente da lago)<\/p>\n<p data-start=\"606\" data-end=\"663\"><strong data-start=\"1205\" data-end=\"1222\">Imbarcazione:<\/strong> Bavaria Cruise 36<\/p>\n<p data-start=\"606\" data-end=\"663\"><strong data-start=\"1242\" data-end=\"1262\">Incluso:<\/strong><\/p>\n<ul data-start=\"1263\" data-end=\"1338\">\n<li data-start=\"1287\" data-end=\"1325\">\n<p data-start=\"1289\" data-end=\"1325\">Posto barca per il periodo del corso<\/p>\n<\/li>\n<\/ul>\n<p data-start=\"1340\" data-end=\"1356\"><strong data-start=\"1340\" data-end=\"1356\">Non incluso:<\/strong><\/p>\n<ul>\n<li data-start=\"1359\" data-end=\"1394\">Viaggio da e per il luogo d\u2019imbarco<\/li>\n<li data-start=\"1359\" data-end=\"1394\">Cambusa e pasti a terra<\/li>\n<li data-start=\"1359\" data-end=\"1394\">Carburante<\/li>\n<\/ul>\n<p data-start=\"1422\" data-end=\"1753\"><strong data-start=\"1422\" data-end=\"1439\">Cassa comune:<\/strong> Normalmente si calcola tra i 25 e i 35 Euro al giorno per persona (da mettere in cassa il primo giorno). Trattandosi di un <em data-start=\"1563\" data-end=\"1588\">corso ormeggi e manovre<\/em> in cui si rientra ogni sera in porto, si pu\u00f2 pensare di pranzare a bordo mentre la sera si esce a cena al ristorante, ma questa opzione sar\u00e0 discussa con il gruppo. Skipper escluso per la cambusa.<\/p>\n<p data-start=\"1755\" data-end=\"1837\"><strong data-start=\"1755\" data-end=\"1773\">Assicurazione:<\/strong> Si consiglia di stipulare un&#8217;assicurazione annullamento viaggi.<\/p>\n<p data-start=\"1755\" data-end=\"1837\"><strong data-start=\"1953\" data-end=\"1964\">Cabine:<\/strong> Sono disponibili 3 cabine doppie condivise.<\/p>\n<p data-start=\"1755\" data-end=\"1837\"><strong>Parcheggio:<\/strong> disponibile e gratuito.<\/p>\n<p data-start=\"1839\" data-end=\"1951\"><strong data-start=\"1839\" data-end=\"1849\">Costo:<\/strong> <strong>560 Euro<\/strong> per persona \/ 4 notti \/<strong> 3 giorni completi di corso<\/strong><br data-start=\"1881\" data-end=\"1884\" \/>La riservazione del posto \u00e8 confermata solo a pagamento effettuato.<\/p>\n<p data-start=\"1953\" data-end=\"2008\">\n<\/div>\n<\/div>\n<\/section>\n","protected":false},"featured_media":3199,"template":"","meta":{"_acf_changed":false,"site-sidebar-layout":"default","site-content-layout":"","ast-site-content-layout":"default","site-content-style":"default","site-sidebar-style":"default","ast-global-header-display":"","ast-banner-title-visibility":"","ast-main-header-display":"","ast-hfb-above-header-display":"","ast-hfb-below-header-display":"","ast-hfb-mobile-header-display":"","site-post-title":"","ast-breadcrumbs-content":"","ast-featured-img":"","footer-sml-layout":"","ast-disable-related-posts":"","theme-transparent-header-meta":"default","adv-header-id-meta":"","stick-header-meta":"default","header-above-stick-meta":"","header-main-stick-meta":"","header-below-stick-meta":"","astra-migrate-meta-layouts":"set","ast-page-background-enabled":"default","ast-page-background-meta":{"desktop":{"background-color":"var(--ast-global-color-4)","background-image":"","background-repeat":"repeat","background-position":"center center","background-size":"auto","background-attachment":"scroll","background-type":"","background-media":"","overlay-type":"","overlay-color":"","overlay-opacity":"","overlay-gradient":""},"tablet":{"background-color":"","background-image":"","background-repeat":"repeat","background-position":"center center","background-size":"auto","background-attachment":"scroll","background-type":"","background-media":"","overlay-type":"","overlay-color":"","overlay-opacity":"","overlay-gradient":""},"mobile":{"background-color":"","background-image":"","background-repeat":"repeat","background-position":"center center","background-size":"auto","background-attachment":"scroll","background-type":"","background-media":"","overlay-type":"","overlay-color":"","overlay-opacity":"","overlay-gradient":""}},"ast-content-background-meta":{"desktop":{"background-color":"var(--ast-global-color-5)","background-image":"","background-repeat":"repeat","background-position":"center center","background-size":"auto","background-attachment":"scroll","background-type":"","background-media":"","overlay-type":"","overlay-color":"","overlay-opacity":"","overlay-gradient":""},"tablet":{"background-color":"var(--ast-global-color-5)","background-image":"","background-repeat":"repeat","background-position":"center center","background-size":"auto","background-attachment":"scroll","background-type":"","background-media":"","overlay-type":"","overlay-color":"","overlay-opacity":"","overlay-gradient":""},"mobile":{"background-color":"var(--ast-global-color-5)","background-image":"","background-repeat":"repeat","background-position":"center center","background-size":"auto","background-attachment":"scroll","background-type":"","background-media":"","overlay-type":"","overlay-color":"","overlay-opacity":"","overlay-gradient":""}}},"product_brand":[],"product_cat":[54],"product_tag":[],"class_list":{"0":"post-3197","1":"product","2":"type-product","3":"status-publish","4":"has-post-thumbnail","6":"product_cat-corsi-manovre","7":"desktop-align-left","8":"tablet-align-left","9":"mobile-align-left","10":"ast-product-gallery-layout-horizontal-slider","11":"ast-product-gallery-with-no-image","12":"ast-magnify-disabled","13":"ast-product-tabs-layout-horizontal","15":"first","16":"outofstock","17":"virtual","18":"purchasable","19":"product-type-simple"},"acf":[],"_links":{"self":[{"href":"https:\/\/free-time-activities.com\/en\/wp-json\/wp\/v2\/product\/3197","targetHints":{"allow":["GET"]}}],"collection":[{"href":"https:\/\/free-time-activities.com\/en\/wp-json\/wp\/v2\/product"}],"about":[{"href":"https:\/\/free-time-activities.com\/en\/wp-json\/wp\/v2\/types\/product"}],"wp:featuredmedia":[{"embeddable":true,"href":"https:\/\/free-time-activities.com\/en\/wp-json\/wp\/v2\/media\/3199"}],"wp:attachment":[{"href":"https:\/\/free-time-activities.com\/en\/wp-json\/wp\/v2\/media?parent=3197"}],"wp:term":[{"taxonomy":"product_brand","embeddable":true,"href":"https:\/\/free-time-activities.com\/en\/wp-json\/wp\/v2\/product_brand?post=3197"},{"taxonomy":"product_cat","embeddable":true,"href":"https:\/\/free-time-activities.com\/en\/wp-json\/wp\/v2\/product_cat?post=3197"},{"taxonomy":"product_tag","embeddable":true,"href":"https:\/\/free-time-activities.com\/en\/wp-json\/wp\/v2\/product_tag?post=3197"}],"curies":[{"name":"wp","href":"https:\/\/api.w.org\/{rel}","templated":true}]}}