{"id":3196,"date":"2025-11-01T15:33:35","date_gmt":"2025-11-01T14:33:35","guid":{"rendered":"https:\/\/free-time-activities.com\/?post_type=product&#038;p=3196"},"modified":"2026-03-09T20:40:30","modified_gmt":"2026-03-09T19:40:30","slug":"24-maggio-2026-settimana-di-miles-building-arcipelago-toscano-corsica-e-nord-sardegna","status":"publish","type":"product","link":"https:\/\/free-time-activities.com\/en\/prodotto\/24-maggio-2026-settimana-di-miles-building-arcipelago-toscano-corsica-e-nord-sardegna\/","title":{"rendered":"24 maggio 2026 &#8211; Settimana di Miles Building \u2013 Arcipelago Toscano, Corsica e Nord Sardegna"},"content":{"rendered":"<section data-id=\"28c9aa5\" data-element_type=\"section\" data-settings=\"{&quot;animation&quot;:&quot;fadeIn&quot;}\">\n<div data-id=\"706f527\" data-element_type=\"column\">\n<div data-id=\"fceb914\" data-element_type=\"widget\" data-widget_type=\"text-editor.default\">\n<h4 data-start=\"384\" data-end=\"419\"><strong data-start=\"387\" data-end=\"419\">Obiettivi della settimana di Miles Building<\/strong><\/h4>\n<p data-start=\"421\" data-end=\"800\">Il <em><strong data-start=\"424\" data-end=\"442\">Miles Building<\/strong><\/em> non \u00e8 una semplice vacanza in barca a vela: \u00e8 un <strong data-start=\"492\" data-end=\"537\">percorso formativo avanzato e impegnativo<\/strong> per chi desidera accumulare esperienza reale in mare.<br data-start=\"591\" data-end=\"594\" \/>Durante una settimana di navigazione, in condizioni variabili e su rotte d\u2019altura, i partecipanti mettono in pratica ci\u00f2 che ogni velista sogna di padroneggiare: <strong data-start=\"756\" data-end=\"797\">autonomia, sicurezza e consapevolezza<\/strong>.<\/p>\n<h4 data-start=\"807\" data-end=\"853\"><strong data-start=\"811\" data-end=\"853\">Perch\u00e9 partecipare a un Miles Building<\/strong><\/h4>\n<p data-start=\"854\" data-end=\"1180\">L\u2019obiettivo principale del <em><strong data-start=\"881\" data-end=\"899\">Miles Building<\/strong><\/em> \u00e8 navigare in modo attivo e consapevole, affrontando la <strong data-start=\"956\" data-end=\"1008\">pianificazione e la conduzione di rotte d\u2019altura<\/strong> in differenti condizioni meteo e di mare. \u00c8 un\u2019esperienza pensata per chi vuole evolvere come skipper, maturare sicurezza decisionale e vivere il mare da protagonista.<\/p>\n<p data-start=\"1182\" data-end=\"1325\">Durante il viaggio, i partecipanti svilupperanno competenze pratiche e teoriche fondamentali per ogni comandante o membro d\u2019equipaggio esperto.<\/p>\n<h4 data-start=\"2910\" data-end=\"3141\">Cosa si impara nel Miles Building<\/h4>\n<p data-start=\"2910\" data-end=\"3141\">Ogni partecipante avr\u00e0 modo di:<\/p>\n<ul>\n<li data-start=\"3144\" data-end=\"3174\">Pianificare rotte e waypoint<\/li>\n<li data-start=\"3144\" data-end=\"3174\">Pianificazione e gestione di navigazioni lunghe<\/li>\n<li data-start=\"3144\" data-end=\"3174\">Partecipare ai turni di guardia<\/li>\n<li data-start=\"3144\" data-end=\"3174\">Gestione dell\u2019equipaggio e delle comunicazioni a bordo<\/li>\n<li data-start=\"3144\" data-end=\"3174\">Gestire la navigazione notturna<\/li>\n<li data-start=\"3144\" data-end=\"3174\">Calcolare consumi, tempi e distanze<\/li>\n<li data-start=\"3144\" data-end=\"3174\">Utilizzare strumenti di bordo e carte nautiche<\/li>\n<li data-start=\"3144\" data-end=\"3174\">Consolidare sicurezza, autonomia e consapevolezza in mare<\/li>\n<\/ul>\n<h4 data-start=\"1742\" data-end=\"1785\"><strong data-start=\"1746\" data-end=\"1785\">Un\u2019esperienza formativa e autentica<\/strong><\/h4>\n<p data-start=\"1786\" data-end=\"2125\">Il <em><strong data-start=\"1789\" data-end=\"1807\">Miles Building<\/strong><\/em> \u00e8 un\u2019esperienza di navigazione intensa, ideale per chi vuole <strong data-start=\"1869\" data-end=\"1902\">accumulare miglia<\/strong>\u00a0e ampliare la propria esperienza in mare.<br data-start=\"1944\" data-end=\"1947\" \/>Ogni giorno si affrontano nuove sfide: rotte pi\u00f9 lunghe, gestione delle condizioni meteo, turni di guardia e decisioni strategiche sotto la guida di uno skipper professionista.<\/p>\n<p data-start=\"2127\" data-end=\"2371\">Non si tratta solo di imparare a navigare, ma di <strong data-start=\"2176\" data-end=\"2195\">vivere la barca<\/strong> e comprendere il mare in profondit\u00e0.<br data-start=\"2232\" data-end=\"2235\" \/>\u00c8 un percorso che unisce <strong data-start=\"2260\" data-end=\"2286\">formazione e avventura<\/strong>, perfetto per chi desidera migliorarsi e crescere come comandante o velista esperto.<\/p>\n<p data-start=\"3401\" data-end=\"3438\">\u00c8 un\u2019esperienza ideale per chi vuole:<\/p>\n<ul>\n<li>Rafforzare la propria esperienza e accumulare miglia nautiche<\/li>\n<li>Prepararsi a navigazioni oceaniche o esami di livello superiore<\/li>\n<li>Vivere la vera vita di bordo in equipaggio, in modo completo e responsabile<\/li>\n<\/ul>\n<h4 data-start=\"220\" data-end=\"251\"><strong data-start=\"224\" data-end=\"251\">Un passo verso l\u2019altura<\/strong><\/h4>\n<p data-start=\"252\" data-end=\"603\">Il <strong><em data-start=\"255\" data-end=\"271\">Miles Building<\/em><\/strong> \u00e8 un\u2019esperienza di navigazione intensa e autentica, pensata per chi desidera vivere il mare da protagonista.<br data-start=\"380\" data-end=\"383\" \/>Ogni giorno \u00e8 un\u2019occasione per mettere alla prova le proprie capacit\u00e0, affrontare la pianificazione di rotte pi\u00f9 lunghe, gestire turni di guardia e prendere decisioni in autonomia sotto la guida di uno skipper esperto.<\/p>\n<p data-start=\"605\" data-end=\"953\">\u00c8 un\u2019esperienza che unisce formazione e avventura: si naviga in equipaggio, si condividono le responsabilit\u00e0 e si impara a conoscere davvero la barca, il mare e s\u00e9 stessi.<br data-start=\"776\" data-end=\"779\" \/>Un\u2019opportunit\u00e0 concreta per ampliare la propria esperienza, accumulare miglia certificate e acquisire la sicurezza necessaria per affrontare navigazioni d\u2019altura in futuro.<\/p>\n<\/div>\n<\/div>\n<\/section>\n<p>Durante il corso, la comunicazione a bordo si svolger\u00e0 in <strong>lingua italiana<\/strong>.<\/p>\n<h4 data-start=\"4047\" data-end=\"4077\"><strong data-start=\"4051\" data-end=\"4077\">Richiesta informazioni<\/strong><\/h4>\n<p data-start=\"4078\" data-end=\"4236\">Per domande o iscrizioni, contattaci tramite il formulario.<br data-start=\"4137\" data-end=\"4140\" \/>I posti sono limitati per garantire la qualit\u00e0 dell\u2019esperienza e la rotazione dei ruoli a bordo.<\/p>\n<h4 data-start=\"3366\" data-end=\"3420\"><strong data-start=\"3370\" data-end=\"3420\">Un\u2019opportunit\u00e0 per la patente di vela d\u2019altura<\/strong><\/h4>\n<p data-start=\"3421\" data-end=\"3839\">Questo <em><strong data-start=\"3428\" data-end=\"3446\">Miles Building<\/strong><\/em> \u00e8 riconosciuto come esperienza utile per chi sta conseguendo o ha gi\u00e0 ottenuto la <strong data-start=\"3529\" data-end=\"3561\">patente Svizzera di vela d\u2019altura SCCOY<\/strong> o intende prepararsi alle qualifiche <strong data-start=\"3599\" data-end=\"3618\">RYA Yachtmaster<\/strong>.<br data-start=\"3619\" data-end=\"3622\" \/>La navigazione continua, la variet\u00e0 delle rotte e la gestione attiva della barca consentono di <strong>accumulare<\/strong> <strong data-start=\"3728\" data-end=\"3750\">miglia<\/strong> e di perfezionare le competenze richieste da questi percorsi formativi.<\/p>\n<p data-start=\"3841\" data-end=\"3880\">Partecipando al Miles Building, potrai:<\/p>\n<ul>\n<li data-start=\"3883\" data-end=\"3935\">Registrare miglia per SCCOY e RYA Yachtmaster<\/li>\n<li data-start=\"3883\" data-end=\"3935\">Rafforzare la tua esperienza e documentarla<\/li>\n<li data-start=\"3883\" data-end=\"3935\">Migliorare la tua sicurezza e capacit\u00e0 di comando<\/li>\n<li data-start=\"3883\" data-end=\"3935\">Accrescere il tuo profilo come comandante o futuro professionista del mare<\/li>\n<\/ul>\n<h4>Risorse online<\/h4>\n<p><a href=\"http:\/\/www.blunavytraghetti.com\" target=\"_blank\" rel=\"noopener\">Traghetto Blunavy<\/a><br \/>\n<a href=\"http:\/\/www.toremar.it\" target=\"_blank\" rel=\"noopener\">Traghetto Toremar<\/a><br \/>\n<a href=\"http:\/\/www.moby.it\" target=\"_blank\" rel=\"noopener\">Traghetto Mobyline<\/a><br \/>\n<a href=\"https:\/\/visitelba.info\/\" target=\"_blank\" rel=\"noopener\">Visit Elba<\/a><\/p>\n<h4 data-start=\"4120\" data-end=\"4151\"><strong data-start=\"4124\" data-end=\"4151\">Lingua e organizzazione<\/strong><\/h4>\n<p data-start=\"4152\" data-end=\"4392\">Durante la navigazione, la <strong data-start=\"4179\" data-end=\"4228\">comunicazione a bordo sar\u00e0 in lingua italiana<\/strong>.<br data-start=\"4229\" data-end=\"4232\" \/>I posti sono limitati per garantire la qualit\u00e0 dell\u2019esperienza e la rotazione dei ruoli a bordo.<br data-start=\"4328\" data-end=\"4331\" \/>Per domande o iscrizioni, contattaci tramite il <a href=\"https:\/\/free-time-activities.com\/it\/contatto\/\">formulario<\/a>.<\/p>\n<h4><strong><span style=\"color: #ff0000;\">Nota importante<\/span><\/strong><\/h4>\n<p><strong><span style=\"color: #ff0000;\">Il pagamento deve pervenire entro 4 giorni per confermare l\u2019iscrizione.<br data-start=\"4494\" data-end=\"4497\" \/>Il corso viene confermato con un minimo di 4 partecipanti.<br \/>\n<\/span><\/strong><\/p>\n","protected":false},"excerpt":{"rendered":"<section data-id=\"28c9aa5\" data-element_type=\"section\" data-settings=\"{&quot;animation&quot;:&quot;fadeIn&quot;}\">\n<div data-id=\"706f527\" data-element_type=\"column\">\n<div data-id=\"fceb914\" data-element_type=\"widget\" data-widget_type=\"text-editor.default\">\n<p data-start=\"634\" data-end=\"1120\">Il <em><strong data-start=\"637\" data-end=\"655\">Miles Building<\/strong><\/em> \u00e8 un\u2019esperienza di <strong data-start=\"675\" data-end=\"699\">navigazione d\u2019altura<\/strong> pensata per chi desidera <strong data-start=\"725\" data-end=\"755\">accumulare miglia nautiche<\/strong>, migliorare la propria autonomia e consolidare le competenze acquisite durante corsi o navigazioni precedenti.<br data-start=\"866\" data-end=\"869\" \/>In una settimana di mare, meteo permettendo, percorreremo circa <strong data-start=\"933\" data-end=\"956\">300 miglia nautiche<\/strong> esplorando alcune delle aree pi\u00f9 spettacolari del Mediterraneo: l\u2019<strong data-start=\"1023\" data-end=\"1045\">Arcipelago Toscano<\/strong>, la costa settentrionale della <strong data-start=\"1077\" data-end=\"1088\">Corsica<\/strong> e il nord della <strong data-start=\"1105\" data-end=\"1117\">Sardegna<\/strong>.<\/p>\n<p data-start=\"1122\" data-end=\"1469\">L\u2019obiettivo del <strong data-start=\"1138\" data-end=\"1156\">Miles Building<\/strong> \u00e8 navigare in modo attivo e consapevole, alternando ruoli, turni di guardia, pianificazione delle rotte e manovre.<br data-start=\"1271\" data-end=\"1274\" \/>Durante la settimana si approfondiranno temi come la <strong data-start=\"1327\" data-end=\"1351\">navigazione notturna<\/strong>, la <strong data-start=\"1356\" data-end=\"1372\">meteorologia<\/strong> e la <strong data-start=\"1378\" data-end=\"1412\">gestione della barca in altura<\/strong>, con il supporto costante di uno skipper professionista.<\/p>\n<hr data-start=\"1471\" data-end=\"1474\" \/>\n<h4 data-start=\"1476\" data-end=\"1543\"><strong data-start=\"1480\" data-end=\"1543\">Un\u2019esperienza per accumulare miglia e crescere come skipper<\/strong><\/h4>\n<p data-start=\"1544\" data-end=\"1926\">Questo <em><strong data-start=\"1551\" data-end=\"1569\">Miles Building<\/strong><\/em> \u00e8 ideale per chi desidera fare esperienza concreta e registrare le miglia nautiche richieste per la <strong data-start=\"1670\" data-end=\"1713\">licenza Svizzera di vela d\u2019altura (SCCOY)<\/strong>.<br data-start=\"1714\" data-end=\"1717\" \/>A bordo verranno esercitate le attivit\u00e0 pratiche previste per l&#8217;ottenimento della licenza Svizzera di vela d&#8217;altura, ma l\u2019esperienza \u00e8 anche perfetta per chi mira a ottenere qualifiche internazionali come il <strong data-start=\"1904\" data-end=\"1923\">RYA Yachtmaster<\/strong>.<\/p>\n<p data-start=\"1928\" data-end=\"2184\">Grazie alla navigazione continua e ai turni di guardia, i partecipanti potranno migliorare le proprie competenze tecniche, la gestione della barca e la sicurezza in mare, accumulando <strong data-start=\"2111\" data-end=\"2139\">miglia nautiche utili<\/strong> per la formazione personale e professionale.<\/p>\n<\/div>\n<\/div>\n<\/section>\n<section data-id=\"6cedd7f\" data-element_type=\"section\" data-settings=\"{&quot;animation&quot;:&quot;fadeIn&quot;}\">\n<div data-id=\"455136e\" data-element_type=\"column\">\n<div data-id=\"b8a658d\" data-element_type=\"widget\" data-widget_type=\"text-editor.default\">\n<p>Durante la navigazione, la <strong data-start=\"1134\" data-end=\"1179\">comunicazione a bordo avverr\u00e0 in italiano<\/strong>.<\/p>\n<section data-id=\"28c9aa5\" data-element_type=\"section\" data-settings=\"{&quot;animation&quot;:&quot;fadeIn&quot;}\">\n<div data-id=\"706f527\" data-element_type=\"column\">\n<div data-id=\"fceb914\" data-element_type=\"widget\" data-widget_type=\"text-editor.default\">\n<h4 data-start=\"1187\" data-end=\"1217\"><strong data-start=\"1191\" data-end=\"1217\">Dettagli dell\u2019attivit\u00e0<\/strong><\/h4>\n<p data-start=\"1219\" data-end=\"1395\"><strong data-start=\"1219\" data-end=\"1238\">Data d\u2019imbarco:<\/strong> domenica 24 maggio 2026 dalle ore 17:00<br data-start=\"1278\" data-end=\"1281\" \/><strong data-start=\"1281\" data-end=\"1300\">Data di sbarco:<\/strong> sabato 31 maggio 2026 alle ore 9:00<br data-start=\"1336\" data-end=\"1339\" \/><strong data-start=\"1339\" data-end=\"1366\">Luogo d\u2019imbarco\/sbarco:<\/strong> Portoferraio, Isola d\u2019Elba<\/p>\n<p data-start=\"1397\" data-end=\"1571\"><strong data-start=\"1397\" data-end=\"1421\">Area di navigazione:<\/strong> Arcipelago Toscano \u2013 Capraia \u2013 Corsica settentrionale \u2013 La Maddalena (Sardegna)<br data-start=\"1501\" data-end=\"1504\" \/><strong data-start=\"1504\" data-end=\"1525\">Distanza stimata:<\/strong> circa 300 miglia nautiche (meteo permettendo).<\/p>\n<p><strong data-start=\"779\" data-end=\"815\">Viaggio da e per l\u2019Isola d\u2019Elba:<\/strong>\u00a0Il viaggio \u00e8 a carico del partecipante, e il mezzo di trasporto \u00e8 di libera scelta, purch\u00e9 tutti siano presenti all\u2019orario d\u2019imbarco. Una volta confermato il corso, i partecipanti saranno messi in contatto tra loro per organizzare il viaggio insieme.<\/p>\n<p><strong>Livello:<\/strong> medio (consigliato aver gi\u00e0 dato l&#8217;esame teorico e aver fatto un p\u00f2 di pratica)<\/p>\n<section data-id=\"28c9aa5\" data-element_type=\"section\" data-settings=\"{&quot;animation&quot;:&quot;fadeIn&quot;}\">\n<div>\n<div data-id=\"706f527\" data-element_type=\"column\">\n<div>\n<div data-id=\"fceb914\" data-element_type=\"widget\" data-widget_type=\"text-editor.default\">\n<div>\n<p><strong>Imbarcazione:<\/strong> Bavaria Cruise 36, 3 cabine doppie, bagno, cucina attrezzata, giubbotti autogonfiabili con cordone-moschettoni, jackline e tutti gli strumenti necessari per la pianificazione e la conduzione in sicurezza.<\/p>\n<\/div>\n<\/div>\n<\/div>\n<\/div>\n<\/div>\n<\/section>\n<section data-id=\"38c4fdf\" data-element_type=\"section\" data-settings=\"{&quot;animation&quot;:&quot;fadeIn&quot;}\">\n<div data-id=\"670ab8f\" data-element_type=\"column\">\n<div>\n<div data-id=\"1908fe8\" data-element_type=\"widget\" data-widget_type=\"text-editor.default\">\n<div>\n<p><strong>Incluso:<\/strong><\/p>\n<\/div>\n<\/div>\n<\/div>\n<\/div>\n<div data-id=\"992731c\" data-element_type=\"column\">\n<div data-id=\"08bd691\" data-element_type=\"widget\" data-widget_type=\"text-editor.default\">\n<ul>\n<li data-start=\"2142\" data-end=\"2180\">Posto barca per il periodo del corso<\/li>\n<li data-start=\"2142\" data-end=\"2180\">Istruttore\/skipper professionista<\/li>\n<li data-start=\"2142\" data-end=\"2180\">Navigazione didattica con ruoli attivi per tutti i partecipanti<\/li>\n<li data-start=\"2142\" data-end=\"2180\">Attestato di partecipazione (utile per il logbook miglia)<\/li>\n<\/ul>\n<\/div>\n<\/div>\n<\/section>\n<section data-id=\"6cedd7f\" data-element_type=\"section\" data-settings=\"{&quot;animation&quot;:&quot;fadeIn&quot;}\">\n<div data-id=\"a5ab618\" data-element_type=\"column\">\n<div>\n<div data-id=\"937968b\" data-element_type=\"widget\" data-widget_type=\"text-editor.default\">\n<div>\n<p><strong>Non incluso:<\/strong><\/p>\n<\/div>\n<\/div>\n<\/div>\n<\/div>\n<div data-id=\"455136e\" data-element_type=\"column\">\n<div data-id=\"b8a658d\" data-element_type=\"widget\" data-widget_type=\"text-editor.default\">\n<ul>\n<li>Viaggio da e per il luogo d\u2019imbarco<\/li>\n<li>Cambusa e pasti a terra<\/li>\n<li>Eventuali costi di porti o boe durante la crociera<\/li>\n<li>Carburante<\/li>\n<li>Assicurazione annullamento viaggio<\/li>\n<\/ul>\n<div data-id=\"6bb2f3f\" data-element_type=\"column\">\n<div>\n<div>\n<section data-id=\"6cedd7f\" data-element_type=\"section\">\n<div>\n<div>\n<div data-id=\"455136e\" data-element_type=\"column\">\n<div>\n<div>\n<div data-id=\"b8a658d\" data-element_type=\"widget\" data-widget_type=\"text-editor.default\">\n<div>\n<div>\n<p><strong>Cassa comune:<\/strong> la cassa comune sar\u00e0 gestita dai partecipanti e l\u2019importo stimato \u00e8 tra <strong data-start=\"2476\" data-end=\"2511\">25 e 35 \u20ac al giorno per persona<\/strong> (include cambusa, carburante e porti). Lo skipper \u00e8 escluso dalla cassa comune.<\/p>\n<p><strong>Documenti<\/strong>: carta d&#8217;identit\u00e0 o passaporto per andare in Italia e per riservare il traghetto.<\/p>\n<p><strong>Assicurazione:<\/strong> Si consiglia di stipulare un\u2019assicurazione annullamento viaggi.<\/p>\n<\/div>\n<\/div>\n<\/div>\n<\/div>\n<\/div>\n<\/div>\n<\/div>\n<\/div>\n<\/section>\n<\/div>\n<\/div>\n<\/div>\n<\/div>\n<\/div>\n<\/section>\n<\/div>\n<\/div>\n<\/section>\n<section data-id=\"6cedd7f\" data-element_type=\"section\" data-settings=\"{&quot;animation&quot;:&quot;fadeIn&quot;}\">\n<div data-id=\"455136e\" data-element_type=\"column\">\n<div data-id=\"b8a658d\" data-element_type=\"widget\" data-widget_type=\"text-editor.default\">\n<p><strong>Costo:<\/strong> 1050<span style=\"font-size: 16px;\"> Euro p.p. \/ 7 giorni<\/span><\/p>\n<p>La riservazione del posto \u00e8 confermata solo al momento del pagamento.<\/p>\n<\/div>\n<\/div>\n<\/section>\n<\/div>\n<\/div>\n<\/section>\n","protected":false},"featured_media":3313,"template":"","meta":{"_acf_changed":false,"site-sidebar-layout":"default","site-content-layout":"","ast-site-content-layout":"default","site-content-style":"default","site-sidebar-style":"default","ast-global-header-display":"","ast-banner-title-visibility":"","ast-main-header-display":"","ast-hfb-above-header-display":"","ast-hfb-below-header-display":"","ast-hfb-mobile-header-display":"","site-post-title":"","ast-breadcrumbs-content":"","ast-featured-img":"","footer-sml-layout":"","ast-disable-related-posts":"","theme-transparent-header-meta":"default","adv-header-id-meta":"","stick-header-meta":"default","header-above-stick-meta":"","header-main-stick-meta":"","header-below-stick-meta":"","astra-migrate-meta-layouts":"set","ast-page-background-enabled":"default","ast-page-background-meta":{"desktop":{"background-color":"var(--ast-global-color-4)","background-image":"","background-repeat":"repeat","background-position":"center center","background-size":"auto","background-attachment":"scroll","background-type":"","background-media":"","overlay-type":"","overlay-color":"","overlay-opacity":"","overlay-gradient":""},"tablet":{"background-color":"","background-image":"","background-repeat":"repeat","background-position":"center center","background-size":"auto","background-attachment":"scroll","background-type":"","background-media":"","overlay-type":"","overlay-color":"","overlay-opacity":"","overlay-gradient":""},"mobile":{"background-color":"","background-image":"","background-repeat":"repeat","background-position":"center center","background-size":"auto","background-attachment":"scroll","background-type":"","background-media":"","overlay-type":"","overlay-color":"","overlay-opacity":"","overlay-gradient":""}},"ast-content-background-meta":{"desktop":{"background-color":"var(--ast-global-color-5)","background-image":"","background-repeat":"repeat","background-position":"center center","background-size":"auto","background-attachment":"scroll","background-type":"","background-media":"","overlay-type":"","overlay-color":"","overlay-opacity":"","overlay-gradient":""},"tablet":{"background-color":"var(--ast-global-color-5)","background-image":"","background-repeat":"repeat","background-position":"center center","background-size":"auto","background-attachment":"scroll","background-type":"","background-media":"","overlay-type":"","overlay-color":"","overlay-opacity":"","overlay-gradient":""},"mobile":{"background-color":"var(--ast-global-color-5)","background-image":"","background-repeat":"repeat","background-position":"center center","background-size":"auto","background-attachment":"scroll","background-type":"","background-media":"","overlay-type":"","overlay-color":"","overlay-opacity":"","overlay-gradient":""}}},"product_brand":[],"product_cat":[18],"product_tag":[],"class_list":{"0":"post-3196","1":"product","2":"type-product","3":"status-publish","4":"has-post-thumbnail","6":"product_cat-corsi-di-vela","7":"desktop-align-left","8":"tablet-align-left","9":"mobile-align-left","10":"ast-product-gallery-layout-horizontal-slider","11":"ast-product-gallery-with-no-image","12":"ast-magnify-disabled","13":"ast-product-tabs-layout-horizontal","15":"first","16":"outofstock","17":"virtual","18":"purchasable","19":"product-type-simple"},"acf":[],"_links":{"self":[{"href":"https:\/\/free-time-activities.com\/en\/wp-json\/wp\/v2\/product\/3196","targetHints":{"allow":["GET"]}}],"collection":[{"href":"https:\/\/free-time-activities.com\/en\/wp-json\/wp\/v2\/product"}],"about":[{"href":"https:\/\/free-time-activities.com\/en\/wp-json\/wp\/v2\/types\/product"}],"wp:featuredmedia":[{"embeddable":true,"href":"https:\/\/free-time-activities.com\/en\/wp-json\/wp\/v2\/media\/3313"}],"wp:attachment":[{"href":"https:\/\/free-time-activities.com\/en\/wp-json\/wp\/v2\/media?parent=3196"}],"wp:term":[{"taxonomy":"product_brand","embeddable":true,"href":"https:\/\/free-time-activities.com\/en\/wp-json\/wp\/v2\/product_brand?post=3196"},{"taxonomy":"product_cat","embeddable":true,"href":"https:\/\/free-time-activities.com\/en\/wp-json\/wp\/v2\/product_cat?post=3196"},{"taxonomy":"product_tag","embeddable":true,"href":"https:\/\/free-time-activities.com\/en\/wp-json\/wp\/v2\/product_tag?post=3196"}],"curies":[{"name":"wp","href":"https:\/\/api.w.org\/{rel}","templated":true}]}}